{"id":1975,"date":"2023-09-25T11:40:01","date_gmt":"2023-09-25T09:40:01","guid":{"rendered":"https:\/\/xflowdata.com\/politique-de-confidentialite\/"},"modified":"2023-12-11T11:47:10","modified_gmt":"2023-12-11T10:47:10","slug":"politique-de-confidentialite","status":"publish","type":"page","link":"https:\/\/xflowdata.com\/fr\/politique-de-confidentialite\/","title":{"rendered":"Politique de confidentialit\u00e9"},"content":{"rendered":"\n<p>Cette page a \u00e9t\u00e9 mise \u00e0 jour pour la derni\u00e8re fois le 3 juin 2023<\/p>\n\n<p>Nous vous remercions de votre confiance. Vous trouverez ici des informations sur les informations que nous recueillons lorsque vous utilisez notre site web, sur les raisons pour lesquelles nous les recueillons et sur la mani\u00e8re dont nous contribuons \u00e0 am\u00e9liorer votre exp\u00e9rience. Cette politique s&rsquo;applique uniquement aux services de notre soci\u00e9t\u00e9 : XFLOWDATA (\u00ab\u00a0Notre Soci\u00e9t\u00e9\u00a0\u00bb). N&rsquo;oubliez pas que notre soci\u00e9t\u00e9 ne peut \u00eatre tenue pour responsable des pratiques d&rsquo;autres sites et ressources. N&rsquo;oubliez pas non plus qu&rsquo;en continuant \u00e0 utiliser ce site web, vous acceptez la politique de confidentialit\u00e9.<\/p>\n\n<p><strong>Utilisation de nos services<\/strong><br\/>Lorsque vous vous inscrivez \u00e0 l&rsquo;un de nos services, nous pouvons vous demander de fournir des informations personnelles qui nous permettent de fournir nos services. Les informations sont stock\u00e9es sur des serveurs s\u00e9curis\u00e9s.<\/p>\n\n<p><strong>Communications<\/strong><br\/>Lors de l&rsquo;envoi d&rsquo;informations ou d&rsquo;autres messages, nous pouvons conserver ces communications. Nous demandons parfois des informations personnelles lorsqu&rsquo;elles sont pertinentes dans une situation donn\u00e9e. Elles nous permettent de traiter vos demandes et d&rsquo;y r\u00e9pondre.<\/p>\n\n<p><strong>Objectifs<\/strong><br\/>Nous recueillons ou utilisons les informations uniquement aux fins d\u00e9crites dans la pr\u00e9sente politique de protection de la vie priv\u00e9e, ou nous vous demanderons votre accord avant de faire quoi que ce soit d&rsquo;autre.<\/p>\n\n<p><strong>Changements<\/strong><br\/>Il est conseill\u00e9 de consulter r\u00e9guli\u00e8rement cette d\u00e9claration de confidentialit\u00e9 car elle peut \u00eatre modifi\u00e9e sans pr\u00e9avis.<\/p>\n\n<p><strong>Choix des informations personnelles<\/strong><br\/>Tous les visiteurs ont la possibilit\u00e9 de demander \u00e0 consulter, modifier ou supprimer leurs informations personnelles \u00e0 tout moment. Sur demande, nous ferons de notre mieux pour r\u00e9pondre rapidement et efficacement.<\/p>\n\n<p><strong>Cookies :<\/strong><\/p>\n\n<p><strong>Qu&rsquo;est-ce qu&rsquo;un cookie ?<\/strong><br\/>Les cookies sont des \u00e9l\u00e9ments d&rsquo;information (fichiers de m\u00e9moire) stock\u00e9s dans votre navigateur par les sites que vous visitez. Comme presque tous les sites web, ce site utilise des cookies pour am\u00e9liorer votre exp\u00e9rience en m\u00e9morisant vos pr\u00e9f\u00e9rences et en activant d&rsquo;autres fonctions bas\u00e9es sur les cookies (par exemple, l&rsquo;analyse).<\/p>\n\n<p><strong>Nos cookies<\/strong><br\/>Lorsque vous soumettez des donn\u00e9es par le biais d&rsquo;un formulaire, comme ceux que l&rsquo;on trouve sur les pages de contact ou les formulaires de commentaires, des cookies peuvent \u00eatre install\u00e9s pour m\u00e9moriser vos coordonn\u00e9es d&rsquo;utilisateur en vue d&rsquo;une correspondance ult\u00e9rieure.<\/p>\n\n<p>Afin de vous offrir une meilleure exp\u00e9rience et de m\u00e9moriser vos pr\u00e9f\u00e9rences, nous devons installer des cookies pour que ces informations puissent \u00eatre appel\u00e9es chaque fois que vous interagissez avec une page.<\/p>\n\n<p><strong>Cookies de tiers<\/strong><br\/>Dans certains cas, nous utilisons \u00e9galement des cookies fournis par des tiers de confiance tels que Google Analytics. Les analyses de tiers sont utilis\u00e9es pour suivre et mesurer l&rsquo;utilisation de ce site afin que nous puissions continuer \u00e0 produire un contenu attrayant.<\/p>\n\n<p><strong>Comment d\u00e9sactiver les cookies ?<\/strong><br\/>La plupart des navigateurs vous permettent de refuser les cookies. Consultez l&rsquo;aide ou l&rsquo;outil de votre navigateur pour savoir comment proc\u00e9der. Sachez que la d\u00e9sactivation des cookies peut affecter la fonctionnalit\u00e9 de ce site et de nombreux autres sites que vous visitez. Il est donc recommand\u00e9 de ne pas d\u00e9sactiver compl\u00e8tement les cookies.<\/p>\n","protected":false},"excerpt":{"rendered":"<p>Cette page a \u00e9t\u00e9 mise \u00e0 jour pour la derni\u00e8re fois le 3 juin 2023 Nous vous remercions de votre confiance. Vous trouverez ici des informations sur les informations que nous recueillons lorsque vous utilisez notre site web, sur les raisons pour lesquelles nous les recueillons et sur la mani\u00e8re dont nous contribuons \u00e0 am\u00e9liorer [&hellip;]<\/p>\n","protected":false},"author":1,"featured_media":0,"parent":0,"menu_order":0,"comment_status":"closed","ping_status":"open","template":"","meta":{"content-type":"","footnotes":""},"class_list":["post-1975","page","type-page","status-publish","hentry"],"_links":{"self":[{"href":"https:\/\/xflowdata.com\/fr\/wp-json\/wp\/v2\/pages\/1975","targetHints":{"allow":["GET"]}}],"collection":[{"href":"https:\/\/xflowdata.com\/fr\/wp-json\/wp\/v2\/pages"}],"about":[{"href":"https:\/\/xflowdata.com\/fr\/wp-json\/wp\/v2\/types\/page"}],"author":[{"embeddable":true,"href":"https:\/\/xflowdata.com\/fr\/wp-json\/wp\/v2\/users\/1"}],"replies":[{"embeddable":true,"href":"https:\/\/xflowdata.com\/fr\/wp-json\/wp\/v2\/comments?post=1975"}],"version-history":[{"count":3,"href":"https:\/\/xflowdata.com\/fr\/wp-json\/wp\/v2\/pages\/1975\/revisions"}],"predecessor-version":[{"id":1989,"href":"https:\/\/xflowdata.com\/fr\/wp-json\/wp\/v2\/pages\/1975\/revisions\/1989"}],"wp:attachment":[{"href":"https:\/\/xflowdata.com\/fr\/wp-json\/wp\/v2\/media?parent=1975"}],"curies":[{"name":"wp","href":"https:\/\/api.w.org\/{rel}","templated":true}]}}