{"id":1976,"date":"2023-10-13T11:46:46","date_gmt":"2023-10-13T09:46:46","guid":{"rendered":"https:\/\/xflowdata.com\/a-propos-de-nous\/"},"modified":"2024-01-24T17:23:23","modified_gmt":"2024-01-24T16:23:23","slug":"a-propos","status":"publish","type":"page","link":"https:\/\/xflowdata.com\/fr\/a-propos\/","title":{"rendered":"\u00c0 propos"},"content":{"rendered":"\t\t<div data-elementor-type=\"wp-page\" data-elementor-id=\"1976\" class=\"elementor elementor-1976 elementor-476\" data-elementor-post-type=\"page\">\n\t\t\t\t\t\t<section class=\"elementor-section elementor-top-section elementor-element elementor-element-4efb2942 elementor-section-height-min-height elementor-section-boxed elementor-section-height-default elementor-section-items-middle\" data-id=\"4efb2942\" data-element_type=\"section\" data-settings=\"{&quot;background_background&quot;:&quot;classic&quot;}\">\n\t\t\t\t\t\t\t<div class=\"elementor-background-overlay\"><\/div>\n\t\t\t\t\t\t\t<div class=\"elementor-container elementor-column-gap-no\">\n\t\t\t\t\t<div class=\"elementor-column elementor-col-100 elementor-top-column elementor-element elementor-element-3696291d\" data-id=\"3696291d\" data-element_type=\"column\">\n\t\t\t<div class=\"elementor-widget-wrap elementor-element-populated\">\n\t\t\t\t\t\t<div class=\"elementor-element elementor-element-70fece20 elementor-invisible elementor-widget elementor-widget-heading\" data-id=\"70fece20\" data-element_type=\"widget\" data-settings=\"{&quot;_animation&quot;:&quot;fadeInUp&quot;}\" data-widget_type=\"heading.default\">\n\t\t\t\t<div class=\"elementor-widget-container\">\n\t\t\t\t\t<h2 class=\"elementor-heading-title elementor-size-default\">\u00c0 PROPOS DE NOUS<\/h2>\t\t\t\t<\/div>\n\t\t\t\t<\/div>\n\t\t\t\t<div class=\"elementor-element elementor-element-10a23807 elementor-invisible elementor-widget elementor-widget-heading\" data-id=\"10a23807\" data-element_type=\"widget\" data-settings=\"{&quot;_animation&quot;:&quot;fadeInUp&quot;}\" data-widget_type=\"heading.default\">\n\t\t\t\t<div class=\"elementor-widget-container\">\n\t\t\t\t\t<h2 class=\"elementor-heading-title elementor-size-default\">Qui sommes-nous ?<\/h2>\t\t\t\t<\/div>\n\t\t\t\t<\/div>\n\t\t\t\t<div class=\"elementor-element elementor-element-45bccaa5 elementor-widget-divider--view-line elementor-invisible elementor-widget elementor-widget-divider\" data-id=\"45bccaa5\" data-element_type=\"widget\" data-settings=\"{&quot;_animation&quot;:&quot;fadeInUp&quot;}\" data-widget_type=\"divider.default\">\n\t\t\t\t<div class=\"elementor-widget-container\">\n\t\t\t\t\t\t\t<div class=\"elementor-divider\">\n\t\t\t<span class=\"elementor-divider-separator\">\n\t\t\t\t\t\t<\/span>\n\t\t<\/div>\n\t\t\t\t\t\t<\/div>\n\t\t\t\t<\/div>\n\t\t\t\t\t<\/div>\n\t\t<\/div>\n\t\t\t\t\t<\/div>\n\t\t<\/section>\n\t\t\t\t<section class=\"elementor-section elementor-top-section elementor-element elementor-element-35a0c075 elementor-reverse-mobile elementor-section-boxed elementor-section-height-default elementor-section-height-default\" data-id=\"35a0c075\" data-element_type=\"section\" data-settings=\"{&quot;background_background&quot;:&quot;classic&quot;}\">\n\t\t\t\t\t\t<div class=\"elementor-container elementor-column-gap-no\">\n\t\t\t\t\t<div class=\"elementor-column elementor-col-50 elementor-top-column elementor-element elementor-element-268eddbd elementor-invisible\" data-id=\"268eddbd\" data-element_type=\"column\" data-settings=\"{&quot;animation&quot;:&quot;zoomIn&quot;}\">\n\t\t\t<div class=\"elementor-widget-wrap elementor-element-populated\">\n\t\t\t\t\t\t<div class=\"elementor-element elementor-element-60b1c22c elementor-invisible elementor-widget elementor-widget-image\" data-id=\"60b1c22c\" data-element_type=\"widget\" data-settings=\"{&quot;motion_fx_motion_fx_mouse&quot;:&quot;yes&quot;,&quot;motion_fx_mouseTrack_effect&quot;:&quot;yes&quot;,&quot;motion_fx_mouseTrack_speed&quot;:{&quot;unit&quot;:&quot;px&quot;,&quot;size&quot;:0.2,&quot;sizes&quot;:[]},&quot;_animation&quot;:&quot;zoomIn&quot;}\" data-widget_type=\"image.default\">\n\t\t\t\t<div class=\"elementor-widget-container\">\n\t\t\t\t\t\t\t\t\t\t\t\t\t\t\t<img fetchpriority=\"high\" decoding=\"async\" width=\"1980\" height=\"1321\" src=\"https:\/\/xflowdata.com\/wp-content\/uploads\/2023\/11\/Background.jpg\" class=\"attachment-full size-full wp-image-1951\" alt=\"\" srcset=\"https:\/\/xflowdata.com\/wp-content\/uploads\/2023\/11\/Background.jpg 1980w, https:\/\/xflowdata.com\/wp-content\/uploads\/2023\/11\/Background-300x200.jpg 300w, https:\/\/xflowdata.com\/wp-content\/uploads\/2023\/11\/Background-1024x683.jpg 1024w, https:\/\/xflowdata.com\/wp-content\/uploads\/2023\/11\/Background-768x512.jpg 768w, https:\/\/xflowdata.com\/wp-content\/uploads\/2023\/11\/Background-1536x1025.jpg 1536w\" sizes=\"(max-width: 1980px) 100vw, 1980px\" \/>\t\t\t\t\t\t\t\t\t\t\t\t\t\t\t<\/div>\n\t\t\t\t<\/div>\n\t\t\t\t<div class=\"elementor-element elementor-element-5a1ecec4 elementor-widget__width-initial elementor-widget-mobile__width-initial elementor-absolute elementor-widget elementor-widget-spacer\" data-id=\"5a1ecec4\" data-element_type=\"widget\" data-settings=\"{&quot;_position&quot;:&quot;absolute&quot;}\" data-widget_type=\"spacer.default\">\n\t\t\t\t<div class=\"elementor-widget-container\">\n\t\t\t\t\t\t\t<div class=\"elementor-spacer\">\n\t\t\t<div class=\"elementor-spacer-inner\"><\/div>\n\t\t<\/div>\n\t\t\t\t\t\t<\/div>\n\t\t\t\t<\/div>\n\t\t\t\t<div class=\"elementor-element elementor-element-2cba3a6d elementor-widget__width-initial elementor-absolute elementor-widget elementor-widget-spacer\" data-id=\"2cba3a6d\" data-element_type=\"widget\" data-settings=\"{&quot;_position&quot;:&quot;absolute&quot;}\" data-widget_type=\"spacer.default\">\n\t\t\t\t<div class=\"elementor-widget-container\">\n\t\t\t\t\t\t\t<div class=\"elementor-spacer\">\n\t\t\t<div class=\"elementor-spacer-inner\"><\/div>\n\t\t<\/div>\n\t\t\t\t\t\t<\/div>\n\t\t\t\t<\/div>\n\t\t\t\t\t<\/div>\n\t\t<\/div>\n\t\t\t\t<div class=\"elementor-column elementor-col-50 elementor-top-column elementor-element elementor-element-6fd692ac elementor-invisible\" data-id=\"6fd692ac\" data-element_type=\"column\" data-settings=\"{&quot;animation&quot;:&quot;fadeInRight&quot;}\">\n\t\t\t<div class=\"elementor-widget-wrap elementor-element-populated\">\n\t\t\t\t\t\t<section class=\"elementor-section elementor-inner-section elementor-element elementor-element-7499341d elementor-section-boxed elementor-section-height-default elementor-section-height-default\" data-id=\"7499341d\" data-element_type=\"section\">\n\t\t\t\t\t\t<div class=\"elementor-container elementor-column-gap-default\">\n\t\t\t\t\t<div class=\"elementor-column elementor-col-100 elementor-inner-column elementor-element elementor-element-4c975d4\" data-id=\"4c975d4\" data-element_type=\"column\">\n\t\t\t<div class=\"elementor-widget-wrap elementor-element-populated\">\n\t\t\t\t\t\t<div class=\"elementor-element elementor-element-4b44cf8d elementor-widget elementor-widget-heading\" data-id=\"4b44cf8d\" data-element_type=\"widget\" data-widget_type=\"heading.default\">\n\t\t\t\t<div class=\"elementor-widget-container\">\n\t\t\t\t\t<h2 class=\"elementor-heading-title elementor-size-default\">\u00c0 propos de XFlowdata<\/h2>\t\t\t\t<\/div>\n\t\t\t\t<\/div>\n\t\t\t\t\t<\/div>\n\t\t<\/div>\n\t\t\t\t\t<\/div>\n\t\t<\/section>\n\t\t\t\t<section class=\"elementor-section elementor-inner-section elementor-element elementor-element-74d66d96 elementor-section-boxed elementor-section-height-default elementor-section-height-default\" data-id=\"74d66d96\" data-element_type=\"section\">\n\t\t\t\t\t\t<div class=\"elementor-container elementor-column-gap-default\">\n\t\t\t\t\t<div class=\"elementor-column elementor-col-100 elementor-inner-column elementor-element elementor-element-2c6d5ff\" data-id=\"2c6d5ff\" data-element_type=\"column\">\n\t\t\t<div class=\"elementor-widget-wrap elementor-element-populated\">\n\t\t\t\t\t\t<div class=\"elementor-element elementor-element-403adacc elementor-widget elementor-widget-text-editor\" data-id=\"403adacc\" data-element_type=\"widget\" data-widget_type=\"text-editor.default\">\n\t\t\t\t<div class=\"elementor-widget-container\">\n\t\t\t\t\t\t\t\t\t<p><span style=\"color: var( --e-global-color-text ); font-family: var( --e-global-typography-text-font-family ), Sans-serif; font-size: var( --e-global-typography-text-font-size ); font-weight: var( --e-global-typography-text-font-weight ); letter-spacing: var( --e-global-typography-text-letter-spacing );\">Bien que constitu\u00e9e en 2023, XFlowdata existe depuis 2011 en tant que soci\u00e9t\u00e9 de gestion de Jef Minsart. \u00c0 l&rsquo;\u00e9poque, il s&rsquo;agissait d&rsquo;une entreprise individuelle. Au fil des ans, elle s&rsquo;est d\u00e9velopp\u00e9e tranquillement, s&rsquo;est r\u00e9duite, puis s&rsquo;est \u00e0 nouveau d\u00e9velopp\u00e9e jusqu&rsquo;\u00e0 ce que Jef rencontre Walid en 2017. Leur \u00e9nergie compl\u00e9mentaire et leurs ambitions communes ont permis \u00e0 XFlowdata de s&rsquo;engager avec succ\u00e8s aupr\u00e8s de Procter &amp; Gamble et de Bridgestone. Il y a quelques ann\u00e9es, ils ont cr\u00e9\u00e9 une succursale \u00e0 Tunis et r\u00e9cemment, ils ont formalis\u00e9 XFlowdata en tant que cabinet ind\u00e9pendant en l&rsquo;incorporant \u00e0 Bruxelles au d\u00e9but de 2023.<\/span><\/p>\n\t\t\t\t\t\t\t\t<\/div>\n\t\t\t\t<\/div>\n\t\t\t\t\t<\/div>\n\t\t<\/div>\n\t\t\t\t\t<\/div>\n\t\t<\/section>\n\t\t\t\t\t<\/div>\n\t\t<\/div>\n\t\t\t\t\t<\/div>\n\t\t<\/section>\n\t\t\t\t<section class=\"elementor-section elementor-top-section elementor-element elementor-element-6a622a34 elementor-section-boxed elementor-section-height-default elementor-section-height-default\" data-id=\"6a622a34\" data-element_type=\"section\" data-settings=\"{&quot;background_background&quot;:&quot;classic&quot;}\">\n\t\t\t\t\t\t<div class=\"elementor-container elementor-column-gap-no\">\n\t\t\t\t\t<div class=\"elementor-column elementor-col-100 elementor-top-column elementor-element elementor-element-7156321a\" data-id=\"7156321a\" data-element_type=\"column\">\n\t\t\t<div class=\"elementor-widget-wrap elementor-element-populated\">\n\t\t\t\t\t\t<div class=\"elementor-element elementor-element-d2554d6 elementor-widget elementor-widget-heading\" data-id=\"d2554d6\" data-element_type=\"widget\" id=\"experts\" data-widget_type=\"heading.default\">\n\t\t\t\t<div class=\"elementor-widget-container\">\n\t\t\t\t\t<h2 class=\"elementor-heading-title elementor-size-default\">L'\u00e9quipe<\/h2>\t\t\t\t<\/div>\n\t\t\t\t<\/div>\n\t\t\t\t<div class=\"elementor-element elementor-element-57be9da0 elementor-widget elementor-widget-heading\" data-id=\"57be9da0\" data-element_type=\"widget\" data-widget_type=\"heading.default\">\n\t\t\t\t<div class=\"elementor-widget-container\">\n\t\t\t\t\t<h2 class=\"elementor-heading-title elementor-size-default\">Rencontrez nos experts<\/h2>\t\t\t\t<\/div>\n\t\t\t\t<\/div>\n\t\t\t\t<div class=\"elementor-element elementor-element-24561447 elementor-widget-divider--view-line elementor-invisible elementor-widget elementor-widget-divider\" data-id=\"24561447\" data-element_type=\"widget\" data-settings=\"{&quot;_animation&quot;:&quot;fadeInUp&quot;}\" data-widget_type=\"divider.default\">\n\t\t\t\t<div class=\"elementor-widget-container\">\n\t\t\t\t\t\t\t<div class=\"elementor-divider\">\n\t\t\t<span class=\"elementor-divider-separator\">\n\t\t\t\t\t\t<\/span>\n\t\t<\/div>\n\t\t\t\t\t\t<\/div>\n\t\t\t\t<\/div>\n\t\t\t\t<div class=\"elementor-element elementor-element-69841b8 elementor-widget elementor-widget-template\" data-id=\"69841b8\" data-element_type=\"widget\" data-widget_type=\"template.default\">\n\t\t\t\t<div class=\"elementor-widget-container\">\n\t\t\t\t\t\t\t<div class=\"elementor-template\">\n\t\t\t\t\t<div data-elementor-type=\"section\" data-elementor-id=\"2073\" class=\"elementor elementor-2073 elementor-950\" data-elementor-post-type=\"elementor_library\">\n\t\t\t\t\t<section class=\"elementor-section elementor-inner-section elementor-element elementor-element-7969947 elementor-section-boxed elementor-section-height-default elementor-section-height-default\" data-id=\"7969947\" data-element_type=\"section\">\n\t\t\t\t\t\t<div class=\"elementor-container elementor-column-gap-no\">\n\t\t\t\t\t<div class=\"elementor-column elementor-col-50 elementor-inner-column elementor-element elementor-element-622d4ee7\" data-id=\"622d4ee7\" data-element_type=\"column\">\n\t\t\t<div class=\"elementor-widget-wrap elementor-element-populated\">\n\t\t\t\t\t\t<div class=\"elementor-element elementor-element-4975192c elementor-widget elementor-widget-elementskit-team\" data-id=\"4975192c\" data-element_type=\"widget\" data-widget_type=\"elementskit-team.default\">\n\t\t\t\t<div class=\"elementor-widget-container\">\n\t\t\t\t\t<div class=\"ekit-wid-con\">\t\t\t\t\t\t\t\t\n\t\t<div class=\"profile-card elementor-animation- text-center ekit-team-style-default\">\n\t\t\t\n\t\t\t\t<div class=\"profile-header ekit-team-img ekit-img-overlay ekit-team-img-block\" >\n\t\t\t\t\t<img decoding=\"async\" width=\"333\" height=\"333\" src=\"https:\/\/xflowdata.com\/wp-content\/uploads\/2023\/11\/Jef-Minsart.jpg\" class=\"attachment-large size-large wp-image-915\" alt=\"A man standing in an office with his arms crossed.\" srcset=\"https:\/\/xflowdata.com\/wp-content\/uploads\/2023\/11\/Jef-Minsart.jpg 333w, https:\/\/xflowdata.com\/wp-content\/uploads\/2023\/11\/Jef-Minsart-300x300.jpg 300w, https:\/\/xflowdata.com\/wp-content\/uploads\/2023\/11\/Jef-Minsart-150x150.jpg 150w\" sizes=\"(max-width: 333px) 100vw, 333px\" \/>\t\t\t\t<\/div><!-- .profile-header END -->\n\t\t\t\n\n\t\t\t\t<div class=\"profile-body\">\n\t\t\t\t\t\n\t\t\t\t\t<h2 class=\"profile-title\">\n\t\t\t\t\t\t\t\t\t\t\tJef Minsart\t\t\t\t\t\t\t\t\t\t<\/h2>\n\t\t\t\t\t<p class=\"profile-designation\"><\/p>\n\t\t\t\t\t\t\t\t\t\t<p class=\"profile-content\">Jef est un consultant en donn\u00e9es SAP chevronn\u00e9 avec plus de 20 ans d'exp\u00e9rience. Avec une formation en gestion d'entreprise et une passion pour les technologies de l'information, il a commenc\u00e9 sa carri\u00e8re en tant que gestionnaire d'applications pour des solutions de donn\u00e9es de r\u00e9f\u00e9rence. Il est rapidement pass\u00e9 \u00e0 l'encadrement de co\u00e9quipiers, \u00e0 la gestion d'\u00e9quipes et \u00e0 la conduite de projets de donn\u00e9es. Sa carri\u00e8re l'a amen\u00e9 \u00e0 parcourir le monde pour soutenir des initiatives aussi vari\u00e9es que des fusions, l'int\u00e9gration de syst\u00e8mes, des mises \u00e0 niveau, le d\u00e9veloppement et le d\u00e9ploiement de logiciels, etc.<\/p>\n\t\t\t\t\t\t\t\t\t<\/div><!-- .profile-body END -->\n\n\t\t\t\t\t\t\t\t\t<div class=\"profile-footer\">\n\t\t\t\t\t\t<ul class=\"ekit-team-social-list\">\n\t\t\t<li class=\"elementor-repeater-item-6095eca\">\n\t\t\t<a href=\"https:\/\/www.linkedin.com\/in\/jefminsart\" target=\"_blank\" aria-label=\"Linkedin\" rel=\"noopener\">\n\t\t\t\t<i aria-hidden=\"true\" class=\"icon icon-linkedin\"><\/i>\t\t\t<\/a>\n\t\t<\/li>\n\t<\/ul>\n\t\t\t\t\t<\/div>\n\t\t\t\t\t\t\t\t\t<\/div>\n\t\t\t\t\t\t\t\n\t\t\t\n\t\t\t\t<\/div>\t\t\t\t<\/div>\n\t\t\t\t<\/div>\n\t\t\t\t\t<\/div>\n\t\t<\/div>\n\t\t\t\t<div class=\"elementor-column elementor-col-50 elementor-inner-column elementor-element elementor-element-49122245\" data-id=\"49122245\" data-element_type=\"column\">\n\t\t\t<div class=\"elementor-widget-wrap elementor-element-populated\">\n\t\t\t\t\t\t<div class=\"elementor-element elementor-element-350b6e7c elementor-widget elementor-widget-elementskit-team\" data-id=\"350b6e7c\" data-element_type=\"widget\" data-widget_type=\"elementskit-team.default\">\n\t\t\t\t<div class=\"elementor-widget-container\">\n\t\t\t\t\t<div class=\"ekit-wid-con\">\t\t\t\t\t\t\t\t\n\t\t<div class=\"profile-card elementor-animation- text-center ekit-team-style-default\">\n\t\t\t\n\t\t\t\t<div class=\"profile-header ekit-team-img ekit-img-overlay ekit-team-img-block\" >\n\t\t\t\t\t<img decoding=\"async\" width=\"333\" height=\"333\" src=\"https:\/\/xflowdata.com\/wp-content\/uploads\/2023\/11\/Walid-Mhiri.jpg\" class=\"attachment-large size-large wp-image-914\" alt=\"A man smiling in front of a blue wall.\" srcset=\"https:\/\/xflowdata.com\/wp-content\/uploads\/2023\/11\/Walid-Mhiri.jpg 333w, https:\/\/xflowdata.com\/wp-content\/uploads\/2023\/11\/Walid-Mhiri-300x300.jpg 300w, https:\/\/xflowdata.com\/wp-content\/uploads\/2023\/11\/Walid-Mhiri-150x150.jpg 150w\" sizes=\"(max-width: 333px) 100vw, 333px\" \/>\t\t\t\t<\/div><!-- .profile-header END -->\n\t\t\t\n\n\t\t\t\t<div class=\"profile-body\">\n\t\t\t\t\t\n\t\t\t\t\t<h2 class=\"profile-title\">\n\t\t\t\t\t\t\t\t\t\t\tWalid Mhiri\t\t\t\t\t\t\t\t\t\t<\/h2>\n\t\t\t\t\t<p class=\"profile-designation\"><\/p>\n\t\t\t\t\t\t\t\t\t\t<p class=\"profile-content\">Walid est un entrepreneur en s\u00e9rie qui a lanc\u00e9 des entreprises dans divers domaines tels que la restauration d'entreprise, la mobilit\u00e9, les soins de sant\u00e9, le d\u00e9veloppement de logiciels et, plus r\u00e9cemment, l'\u00e9ducation en ligne.  <br><br>Il a le don de rassembler des personnes talentueuses autour de projets et il partage son \u00e9nergie sans limite pour renforcer ses \u00e9quipes.<br><br>\n<\/p>\n\t\t\t\t\t\t\t\t\t<\/div><!-- .profile-body END -->\n\n\t\t\t\t\t\t\t\t<\/div>\n\t\t\t\t\t\t\t\n\t\t\t\n\t\t\t\t<\/div>\t\t\t\t<\/div>\n\t\t\t\t<\/div>\n\t\t\t\t\t<\/div>\n\t\t<\/div>\n\t\t\t\t\t<\/div>\n\t\t<\/section>\n\t\t\t\t<\/div>\n\t\t\t\t<\/div>\n\t\t\t\t\t\t<\/div>\n\t\t\t\t<\/div>\n\t\t\t\t\t<\/div>\n\t\t<\/div>\n\t\t\t\t\t<\/div>\n\t\t<\/section>\n\t\t\t\t<section class=\"elementor-section elementor-top-section elementor-element elementor-element-2197777c elementor-section-boxed elementor-section-height-default elementor-section-height-default\" data-id=\"2197777c\" data-element_type=\"section\" data-settings=\"{&quot;background_background&quot;:&quot;classic&quot;}\">\n\t\t\t\t\t\t\t<div class=\"elementor-background-overlay\"><\/div>\n\t\t\t\t\t\t\t<div class=\"elementor-container elementor-column-gap-no\">\n\t\t\t\t\t<div class=\"elementor-column elementor-col-100 elementor-top-column elementor-element elementor-element-203ecda5\" data-id=\"203ecda5\" data-element_type=\"column\">\n\t\t\t<div class=\"elementor-widget-wrap elementor-element-populated\">\n\t\t\t\t\t\t<div class=\"elementor-element elementor-element-63ad8dd1 elementor-invisible elementor-widget elementor-widget-heading\" data-id=\"63ad8dd1\" data-element_type=\"widget\" data-settings=\"{&quot;_animation&quot;:&quot;fadeInUp&quot;,&quot;_animation_delay&quot;:100,&quot;_animation_mobile&quot;:&quot;none&quot;}\" data-widget_type=\"heading.default\">\n\t\t\t\t<div class=\"elementor-widget-container\">\n\t\t\t\t\t<h2 class=\"elementor-heading-title elementor-size-default\">Nous avons 12 ans d'exp\u00e9rience dans le conseil en donn\u00e9es SAP  <\/h2>\t\t\t\t<\/div>\n\t\t\t\t<\/div>\n\t\t\t\t<div class=\"elementor-element elementor-element-27a2801b elementor-align-center elementor-invisible elementor-widget elementor-widget-button\" data-id=\"27a2801b\" data-element_type=\"widget\" data-settings=\"{&quot;_animation&quot;:&quot;fadeInUp&quot;,&quot;_animation_delay&quot;:300,&quot;_animation_mobile&quot;:&quot;none&quot;}\" data-widget_type=\"button.default\">\n\t\t\t\t<div class=\"elementor-widget-container\">\n\t\t\t\t\t\t\t\t\t<div class=\"elementor-button-wrapper\">\n\t\t\t\t\t<a class=\"elementor-button elementor-button-link elementor-size-md elementor-animation-sink\" href=\"https:\/\/meetings-eu1.hubspot.com\/jean-francois-minsart\" target=\"_blank\" rel=\"noopener\">\n\t\t\t\t\t\t<span class=\"elementor-button-content-wrapper\">\n\t\t\t\t\t\t\t\t\t<span class=\"elementor-button-text\">R\u00e9server un appel strat\u00e9gique<\/span>\n\t\t\t\t\t<\/span>\n\t\t\t\t\t<\/a>\n\t\t\t\t<\/div>\n\t\t\t\t\t\t\t\t<\/div>\n\t\t\t\t<\/div>\n\t\t\t\t\t<\/div>\n\t\t<\/div>\n\t\t\t\t\t<\/div>\n\t\t<\/section>\n\t\t<div class=\"elementor-element elementor-element-c1f2893 e-flex e-con-boxed e-con e-parent\" data-id=\"c1f2893\" data-element_type=\"container\">\n\t\t\t\t\t<div class=\"e-con-inner\">\n\t\t\t\t\t<\/div>\n\t\t\t\t<\/div>\n\t\t\t\t<\/div>\n\t\t","protected":false},"excerpt":{"rendered":"<p>\u00c0 PROPOS DE NOUS Qui sommes-nous ? \u00c0 propos de XFlowdata Bien que constitu\u00e9e en 2023, XFlowdata existe depuis 2011 en tant que soci\u00e9t\u00e9 de gestion de Jef Minsart. \u00c0 l&rsquo;\u00e9poque, il s&rsquo;agissait d&rsquo;une entreprise individuelle. Au fil des ans, elle s&rsquo;est d\u00e9velopp\u00e9e tranquillement, s&rsquo;est r\u00e9duite, puis s&rsquo;est \u00e0 nouveau d\u00e9velopp\u00e9e jusqu&rsquo;\u00e0 ce que Jef [&hellip;]<\/p>\n","protected":false},"author":2,"featured_media":0,"parent":0,"menu_order":0,"comment_status":"closed","ping_status":"closed","template":"","meta":{"content-type":"","footnotes":""},"class_list":["post-1976","page","type-page","status-publish","hentry"],"_links":{"self":[{"href":"https:\/\/xflowdata.com\/fr\/wp-json\/wp\/v2\/pages\/1976","targetHints":{"allow":["GET"]}}],"collection":[{"href":"https:\/\/xflowdata.com\/fr\/wp-json\/wp\/v2\/pages"}],"about":[{"href":"https:\/\/xflowdata.com\/fr\/wp-json\/wp\/v2\/types\/page"}],"author":[{"embeddable":true,"href":"https:\/\/xflowdata.com\/fr\/wp-json\/wp\/v2\/users\/2"}],"replies":[{"embeddable":true,"href":"https:\/\/xflowdata.com\/fr\/wp-json\/wp\/v2\/comments?post=1976"}],"version-history":[{"count":11,"href":"https:\/\/xflowdata.com\/fr\/wp-json\/wp\/v2\/pages\/1976\/revisions"}],"predecessor-version":[{"id":2832,"href":"https:\/\/xflowdata.com\/fr\/wp-json\/wp\/v2\/pages\/1976\/revisions\/2832"}],"wp:attachment":[{"href":"https:\/\/xflowdata.com\/fr\/wp-json\/wp\/v2\/media?parent=1976"}],"curies":[{"name":"wp","href":"https:\/\/api.w.org\/{rel}","templated":true}]}}