{"id":1996,"date":"2023-11-17T13:53:24","date_gmt":"2023-11-17T12:53:24","guid":{"rendered":"https:\/\/xflowdata.com\/gestion-de-la-migration-des-donnees\/"},"modified":"2024-01-24T17:22:45","modified_gmt":"2024-01-24T16:22:45","slug":"gestion-de-la-migration-des-donnees","status":"publish","type":"page","link":"https:\/\/xflowdata.com\/fr\/gestion-de-la-migration-des-donnees\/","title":{"rendered":"Gestion de la migration des donn\u00e9es"},"content":{"rendered":"\t\t<div data-elementor-type=\"wp-page\" data-elementor-id=\"1996\" class=\"elementor elementor-1996 elementor-973\" data-elementor-post-type=\"page\">\n\t\t\t\t\t\t<section class=\"elementor-section elementor-top-section elementor-element elementor-element-0265d6c elementor-section-height-min-height elementor-section-boxed elementor-section-height-default elementor-section-items-middle\" data-id=\"0265d6c\" data-element_type=\"section\" data-settings=\"{&quot;background_background&quot;:&quot;classic&quot;}\">\n\t\t\t\t\t\t\t<div class=\"elementor-background-overlay\"><\/div>\n\t\t\t\t\t\t\t<div class=\"elementor-container elementor-column-gap-default\">\n\t\t\t\t\t<div class=\"elementor-column elementor-col-100 elementor-top-column elementor-element elementor-element-cdfc0f7\" data-id=\"cdfc0f7\" data-element_type=\"column\">\n\t\t\t<div class=\"elementor-widget-wrap elementor-element-populated\">\n\t\t\t\t\t\t<div class=\"elementor-element elementor-element-bdc5b8e elementor-widget elementor-widget-heading\" data-id=\"bdc5b8e\" data-element_type=\"widget\" data-widget_type=\"heading.default\">\n\t\t\t\t<div class=\"elementor-widget-container\">\n\t\t\t\t\t<h2 class=\"elementor-heading-title elementor-size-default\">Gestion des donn\u00e9es<\/h2>\t\t\t\t<\/div>\n\t\t\t\t<\/div>\n\t\t\t\t<div class=\"elementor-element elementor-element-d7eb014 elementor-widget elementor-widget-heading\" data-id=\"d7eb014\" data-element_type=\"widget\" data-widget_type=\"heading.default\">\n\t\t\t\t<div class=\"elementor-widget-container\">\n\t\t\t\t\t<h1 class=\"elementor-heading-title elementor-size-default\">Gestion de la migration des donn\u00e9es<\/h1>\t\t\t\t<\/div>\n\t\t\t\t<\/div>\n\t\t\t\t\t<\/div>\n\t\t<\/div>\n\t\t\t\t\t<\/div>\n\t\t<\/section>\n\t\t\t\t<section class=\"elementor-section elementor-top-section elementor-element elementor-element-4f7e82d elementor-section-boxed elementor-section-height-default elementor-section-height-default\" data-id=\"4f7e82d\" data-element_type=\"section\">\n\t\t\t\t\t\t<div class=\"elementor-container elementor-column-gap-no\">\n\t\t\t\t\t<div class=\"elementor-column elementor-col-50 elementor-top-column elementor-element elementor-element-a072744\" data-id=\"a072744\" data-element_type=\"column\">\n\t\t\t<div class=\"elementor-widget-wrap elementor-element-populated\">\n\t\t\t\t\t\t<div class=\"elementor-element elementor-element-1811b3e elementor-widget elementor-widget-text-editor\" data-id=\"1811b3e\" data-element_type=\"widget\" id=\"services\" data-widget_type=\"text-editor.default\">\n\t\t\t\t<div class=\"elementor-widget-container\">\n\t\t\t\t\t\t\t\t\t<p>La gestion de la migration des donn\u00e9es devrait \u00eatre un processus holistique de planification, d&rsquo;ex\u00e9cution et de supervision du transfert des donn\u00e9es d&rsquo;un syst\u00e8me ou d&rsquo;un environnement \u00e0 un autre. Tout cela en veillant \u00e0 ce que la qualit\u00e9 et l&rsquo;exactitude des donn\u00e9es ne soient pas compromises et en minimisant les perturbations des activit\u00e9s de l&rsquo;entreprise. Elle comprend l&rsquo;\u00e9laboration d&rsquo;une strat\u00e9gie de migration des donn\u00e9es bien d\u00e9finie, la mise en correspondance des syst\u00e8mes source et cible, le profilage, la transformation, la validation et le rapprochement des donn\u00e9es.  <\/p>\n<p>Une gestion efficace de la migration des donn\u00e9es permet d&rsquo;\u00e9viter les erreurs co\u00fbteuses et les pertes de donn\u00e9es, de maintenir la conformit\u00e9 avec les r\u00e9glementations en mati\u00e8re de protection des donn\u00e9es et d&rsquo;obtenir des r\u00e9sultats positifs lors des mises \u00e0 niveau de syst\u00e8mes, des migrations dans le cloud ou de tout autre projet de transfert de donn\u00e9es. Ce processus est souvent facilit\u00e9 par des outils de migration de donn\u00e9es sp\u00e9cialis\u00e9s et n\u00e9cessite une gestion de projet solide pour coordonner les diff\u00e9rentes parties prenantes et att\u00e9nuer les risques potentiels, en veillant \u00e0 ce que les donn\u00e9es de l&rsquo;organisation restent s\u00e9curis\u00e9es, fiables et accessibles dans leur nouvel environnement.<\/p>\t\t\t\t\t\t\t\t<\/div>\n\t\t\t\t<\/div>\n\t\t\t\t<div class=\"elementor-element elementor-element-496da1e elementor-widget elementor-widget-heading\" data-id=\"496da1e\" data-element_type=\"widget\" data-widget_type=\"heading.default\">\n\t\t\t\t<div class=\"elementor-widget-container\">\n\t\t\t\t\t<h2 class=\"elementor-heading-title elementor-size-default\">Nos services de gestion de la migration des donn\u00e9es couvrent tous les domaines de la gestion de projet, avec une attention particuli\u00e8re pour :\n<\/h2>\t\t\t\t<\/div>\n\t\t\t\t<\/div>\n\t\t\t\t<section class=\"elementor-section elementor-inner-section elementor-element elementor-element-42e6ae2 elementor-section-boxed elementor-section-height-default elementor-section-height-default\" data-id=\"42e6ae2\" data-element_type=\"section\">\n\t\t\t\t\t\t<div class=\"elementor-container elementor-column-gap-no\">\n\t\t\t\t\t<div class=\"elementor-column elementor-col-33 elementor-inner-column elementor-element elementor-element-9d21752\" data-id=\"9d21752\" data-element_type=\"column\" data-settings=\"{&quot;background_background&quot;:&quot;classic&quot;}\">\n\t\t\t<div class=\"elementor-widget-wrap elementor-element-populated\">\n\t\t\t\t\t\t<div class=\"elementor-element elementor-element-e91c826 elementor-widget elementor-widget-heading\" data-id=\"e91c826\" data-element_type=\"widget\" data-widget_type=\"heading.default\">\n\t\t\t\t<div class=\"elementor-widget-container\">\n\t\t\t\t\t<h2 class=\"elementor-heading-title elementor-size-default\">Sources et objectifs<\/h2>\t\t\t\t<\/div>\n\t\t\t\t<\/div>\n\t\t\t\t<div class=\"elementor-element elementor-element-a7a54da elementor-widget elementor-widget-text-editor\" data-id=\"a7a54da\" data-element_type=\"widget\" data-widget_type=\"text-editor.default\">\n\t\t\t\t<div class=\"elementor-widget-container\">\n\t\t\t\t\t\t\t\t\t<p>D&rsquo;apr\u00e8s notre exp\u00e9rience, ces \u00e9l\u00e9ments peuvent souvent changer ou \u00eatre influenc\u00e9s par le projet. Nous g\u00e9rons ces variables de mani\u00e8re proactive afin de pr\u00e9server l&rsquo;int\u00e9grit\u00e9 du projet.<\/p>\n\t\t\t\t\t\t\t\t<\/div>\n\t\t\t\t<\/div>\n\t\t\t\t\t<\/div>\n\t\t<\/div>\n\t\t\t\t<div class=\"elementor-column elementor-col-33 elementor-inner-column elementor-element elementor-element-0850188\" data-id=\"0850188\" data-element_type=\"column\" data-settings=\"{&quot;background_background&quot;:&quot;classic&quot;}\">\n\t\t\t<div class=\"elementor-widget-wrap elementor-element-populated\">\n\t\t\t\t\t\t<div class=\"elementor-element elementor-element-787fc5a elementor-widget elementor-widget-heading\" data-id=\"787fc5a\" data-element_type=\"widget\" data-widget_type=\"heading.default\">\n\t\t\t\t<div class=\"elementor-widget-container\">\n\t\t\t\t\t<h2 class=\"elementor-heading-title elementor-size-default\">Champ d'application et changements<\/h2>\t\t\t\t<\/div>\n\t\t\t\t<\/div>\n\t\t\t\t<div class=\"elementor-element elementor-element-7dbfa01 elementor-widget elementor-widget-text-editor\" data-id=\"7dbfa01\" data-element_type=\"widget\" data-widget_type=\"text-editor.default\">\n\t\t\t\t<div class=\"elementor-widget-container\">\n\t\t\t\t\t\t\t\t\t<p>Les objets de donn\u00e9es concern\u00e9s et les changements souhait\u00e9s sont au c\u0153ur d&rsquo;une migration de donn\u00e9es et requi\u00e8rent le plus d&rsquo;attention.<\/p>\n\t\t\t\t\t\t\t\t<\/div>\n\t\t\t\t<\/div>\n\t\t\t\t\t<\/div>\n\t\t<\/div>\n\t\t\t\t<div class=\"elementor-column elementor-col-33 elementor-inner-column elementor-element elementor-element-ea5b03d\" data-id=\"ea5b03d\" data-element_type=\"column\" data-settings=\"{&quot;background_background&quot;:&quot;classic&quot;}\">\n\t\t\t<div class=\"elementor-widget-wrap elementor-element-populated\">\n\t\t\t\t\t\t<div class=\"elementor-element elementor-element-e0d76ae elementor-widget elementor-widget-heading\" data-id=\"e0d76ae\" data-element_type=\"widget\" data-widget_type=\"heading.default\">\n\t\t\t\t<div class=\"elementor-widget-container\">\n\t\t\t\t\t<h2 class=\"elementor-heading-title elementor-size-default\">Gestion du changement<\/h2>\t\t\t\t<\/div>\n\t\t\t\t<\/div>\n\t\t\t\t<div class=\"elementor-element elementor-element-52e334b elementor-widget elementor-widget-text-editor\" data-id=\"52e334b\" data-element_type=\"widget\" data-widget_type=\"text-editor.default\">\n\t\t\t\t<div class=\"elementor-widget-container\">\n\t\t\t\t\t\t\t\t\t<p>Les changements sont in\u00e9vitables pendant la dur\u00e9e de vie d&rsquo;un projet et ont souvent un impact sur les donn\u00e9es.<\/p>\n\t\t\t\t\t\t\t\t<\/div>\n\t\t\t\t<\/div>\n\t\t\t\t\t<\/div>\n\t\t<\/div>\n\t\t\t\t\t<\/div>\n\t\t<\/section>\n\t\t\t\t<section class=\"elementor-section elementor-inner-section elementor-element elementor-element-5fed2fd elementor-section-boxed elementor-section-height-default elementor-section-height-default\" data-id=\"5fed2fd\" data-element_type=\"section\">\n\t\t\t\t\t\t<div class=\"elementor-container elementor-column-gap-no\">\n\t\t\t\t\t<div class=\"elementor-column elementor-col-50 elementor-inner-column elementor-element elementor-element-444d769\" data-id=\"444d769\" data-element_type=\"column\" data-settings=\"{&quot;background_background&quot;:&quot;classic&quot;}\">\n\t\t\t<div class=\"elementor-widget-wrap elementor-element-populated\">\n\t\t\t\t\t\t<div class=\"elementor-element elementor-element-c66a9bb elementor-widget elementor-widget-heading\" data-id=\"c66a9bb\" data-element_type=\"widget\" data-widget_type=\"heading.default\">\n\t\t\t\t<div class=\"elementor-widget-container\">\n\t\t\t\t\t<h2 class=\"elementor-heading-title elementor-size-default\">Processus de maintenance des donn\u00e9es<\/h2>\t\t\t\t<\/div>\n\t\t\t\t<\/div>\n\t\t\t\t<div class=\"elementor-element elementor-element-7a8f99f elementor-widget elementor-widget-text-editor\" data-id=\"7a8f99f\" data-element_type=\"widget\" data-widget_type=\"text-editor.default\">\n\t\t\t\t<div class=\"elementor-widget-container\">\n\t\t\t\t\t\t\t\t\t<p>Actuel et futur : Alors qu&rsquo;un projet est temporaire, avec un d\u00e9but et une fin, l&rsquo;entreprise continue d&rsquo;\u00e9voluer, ce qui entra\u00eene davantage de donn\u00e9es et de changements. Une bonne coordination avec la maintenance continue des donn\u00e9es et une vision des processus futurs prot\u00e8gent le projet et ses r\u00e9sultats.<\/p>\n\t\t\t\t\t\t\t\t<\/div>\n\t\t\t\t<\/div>\n\t\t\t\t\t<\/div>\n\t\t<\/div>\n\t\t\t\t<div class=\"elementor-column elementor-col-50 elementor-inner-column elementor-element elementor-element-8d5f9c6\" data-id=\"8d5f9c6\" data-element_type=\"column\" data-settings=\"{&quot;background_background&quot;:&quot;classic&quot;}\">\n\t\t\t<div class=\"elementor-widget-wrap elementor-element-populated\">\n\t\t\t\t\t\t<div class=\"elementor-element elementor-element-eb3cae3 elementor-widget elementor-widget-heading\" data-id=\"eb3cae3\" data-element_type=\"widget\" data-widget_type=\"heading.default\">\n\t\t\t\t<div class=\"elementor-widget-container\">\n\t\t\t\t\t<h2 class=\"elementor-heading-title elementor-size-default\">Chargements et rapprochements de donn\u00e9es<\/h2>\t\t\t\t<\/div>\n\t\t\t\t<\/div>\n\t\t\t\t<div class=\"elementor-element elementor-element-03ef90c elementor-widget elementor-widget-text-editor\" data-id=\"03ef90c\" data-element_type=\"widget\" data-widget_type=\"text-editor.default\">\n\t\t\t\t<div class=\"elementor-widget-container\">\n\t\t\t\t\t\t\t\t\t<p>Critique mais souvent difficile, cette activit\u00e9 centrale est trait\u00e9e avec le plus grand soin. Nous mettons en place des processus et des rapports solides pour \u00e9viter les probl\u00e8mes et les surprises, afin de garantir une ex\u00e9cution sans heurts.<\/p>\n\t\t\t\t\t\t\t\t<\/div>\n\t\t\t\t<\/div>\n\t\t\t\t\t<\/div>\n\t\t<\/div>\n\t\t\t\t\t<\/div>\n\t\t<\/section>\n\t\t\t\t\t<\/div>\n\t\t<\/div>\n\t\t\t\t<div class=\"elementor-column elementor-col-50 elementor-top-column elementor-element elementor-element-b6b5f34 elementor-hidden-mobile\" data-id=\"b6b5f34\" data-element_type=\"column\">\n\t\t\t<div class=\"elementor-widget-wrap elementor-element-populated\">\n\t\t\t\t\t\t<section class=\"elementor-section elementor-inner-section elementor-element elementor-element-d9ad6fa elementor-section-boxed elementor-section-height-default elementor-section-height-default\" data-id=\"d9ad6fa\" data-element_type=\"section\">\n\t\t\t\t\t\t<div class=\"elementor-container elementor-column-gap-default\">\n\t\t\t\t\t<div class=\"elementor-column elementor-col-100 elementor-inner-column elementor-element elementor-element-e3105b1\" data-id=\"e3105b1\" data-element_type=\"column\">\n\t\t\t<div class=\"elementor-widget-wrap elementor-element-populated\">\n\t\t\t\t\t\t<div class=\"elementor-element elementor-element-b34c951 elementor-widget elementor-widget-image\" data-id=\"b34c951\" data-element_type=\"widget\" data-widget_type=\"image.default\">\n\t\t\t\t<div class=\"elementor-widget-container\">\n\t\t\t\t\t\t\t\t\t\t\t\t\t\t\t<img fetchpriority=\"high\" decoding=\"async\" width=\"544\" height=\"113\" src=\"https:\/\/xflowdata.com\/wp-content\/uploads\/2023\/09\/XFlowdata-Logo.png\" class=\"attachment-large size-large wp-image-1918\" alt=\"\" srcset=\"https:\/\/xflowdata.com\/wp-content\/uploads\/2023\/09\/XFlowdata-Logo.png 544w, https:\/\/xflowdata.com\/wp-content\/uploads\/2023\/09\/XFlowdata-Logo-300x62.png 300w\" sizes=\"(max-width: 544px) 100vw, 544px\" \/>\t\t\t\t\t\t\t\t\t\t\t\t\t\t\t<\/div>\n\t\t\t\t<\/div>\n\t\t\t\t<div class=\"elementor-element elementor-element-6c9ffa7 elementor-widget elementor-widget-text-editor\" data-id=\"6c9ffa7\" data-element_type=\"widget\" data-widget_type=\"text-editor.default\">\n\t\t\t\t<div class=\"elementor-widget-container\">\n\t\t\t\t\t\t\t\t\t<p>Appelez-nous : <a href=\"tel:+3228503279\">+32 2 850 32 79<\/a><\/p>\n\t\t\t\t\t\t\t\t<\/div>\n\t\t\t\t<\/div>\n\t\t\t\t<div class=\"elementor-element elementor-element-7409f95 elementor-align-left elementor-widget elementor-widget-button\" data-id=\"7409f95\" data-element_type=\"widget\" data-widget_type=\"button.default\">\n\t\t\t\t<div class=\"elementor-widget-container\">\n\t\t\t\t\t\t\t\t\t<div class=\"elementor-button-wrapper\">\n\t\t\t\t\t<a class=\"elementor-button elementor-button-link elementor-size-md elementor-animation-sink\" href=\"https:\/\/meetings-eu1.hubspot.com\/jean-francois-minsart\" target=\"_blank\" rel=\"noopener\">\n\t\t\t\t\t\t<span class=\"elementor-button-content-wrapper\">\n\t\t\t\t\t\t\t\t\t<span class=\"elementor-button-text\">R\u00e9server un appel strat\u00e9gique<\/span>\n\t\t\t\t\t<\/span>\n\t\t\t\t\t<\/a>\n\t\t\t\t<\/div>\n\t\t\t\t\t\t\t\t<\/div>\n\t\t\t\t<\/div>\n\t\t\t\t\t<\/div>\n\t\t<\/div>\n\t\t\t\t\t<\/div>\n\t\t<\/section>\n\t\t\t\t<section class=\"elementor-section elementor-inner-section elementor-element elementor-element-e8e68be elementor-section-boxed elementor-section-height-default elementor-section-height-default\" data-id=\"e8e68be\" data-element_type=\"section\">\n\t\t\t\t\t\t<div class=\"elementor-container elementor-column-gap-no\">\n\t\t\t\t\t<div class=\"elementor-column elementor-col-100 elementor-inner-column elementor-element elementor-element-aa2c2e6\" data-id=\"aa2c2e6\" data-element_type=\"column\">\n\t\t\t<div class=\"elementor-widget-wrap elementor-element-populated\">\n\t\t\t\t\t\t<div class=\"elementor-element elementor-element-975c27a elementor-widget__width-auto elementor-widget elementor-widget-heading\" data-id=\"975c27a\" data-element_type=\"widget\" data-widget_type=\"heading.default\">\n\t\t\t\t<div class=\"elementor-widget-container\">\n\t\t\t\t\t<h2 class=\"elementor-heading-title elementor-size-default\">\/\/<\/h2>\t\t\t\t<\/div>\n\t\t\t\t<\/div>\n\t\t\t\t<div class=\"elementor-element elementor-element-32f9b92 elementor-widget__width-auto elementor-widget elementor-widget-heading\" data-id=\"32f9b92\" data-element_type=\"widget\" data-widget_type=\"heading.default\">\n\t\t\t\t<div class=\"elementor-widget-container\">\n\t\t\t\t\t<h2 class=\"elementor-heading-title elementor-size-default\">Autres services<\/h2>\t\t\t\t<\/div>\n\t\t\t\t<\/div>\n\t\t\t\t<div class=\"elementor-element elementor-element-9a6700d elementor-widget elementor-widget-heading\" data-id=\"9a6700d\" data-element_type=\"widget\" data-widget_type=\"heading.default\">\n\t\t\t\t<div class=\"elementor-widget-container\">\n\t\t\t\t\t<h2 class=\"elementor-heading-title elementor-size-default\"><a href=\"https:\/\/xflowdata.com\/fr\/evaluation-des-donnees-de-reference\/\">\u00c9valuation des donn\u00e9es de r\u00e9f\u00e9rence<\/a><\/h2>\t\t\t\t<\/div>\n\t\t\t\t<\/div>\n\t\t\t\t<div class=\"elementor-element elementor-element-c621f4d elementor-widget elementor-widget-heading\" data-id=\"c621f4d\" data-element_type=\"widget\" data-widget_type=\"heading.default\">\n\t\t\t\t<div class=\"elementor-widget-container\">\n\t\t\t\t\t<h2 class=\"elementor-heading-title elementor-size-default\"><a href=\"https:\/\/xflowdata.com\/fr\/nettoyage-des-donnees-de-reference\/\">Nettoyage des donn\u00e9es de r\u00e9f\u00e9rence<\/a><\/h2>\t\t\t\t<\/div>\n\t\t\t\t<\/div>\n\t\t\t\t<div class=\"elementor-element elementor-element-f5826d5 elementor-widget elementor-widget-heading\" data-id=\"f5826d5\" data-element_type=\"widget\" data-widget_type=\"heading.default\">\n\t\t\t\t<div class=\"elementor-widget-container\">\n\t\t\t\t\t<h2 class=\"elementor-heading-title elementor-size-default\"><a href=\"https:\/\/xflowdata.com\/fr\/strategie-de-migration-des-donnees\/\">Strat\u00e9gie de migration des donn\u00e9es et s\u00e9lection des outils<\/a><\/h2>\t\t\t\t<\/div>\n\t\t\t\t<\/div>\n\t\t\t\t\t<\/div>\n\t\t<\/div>\n\t\t\t\t\t<\/div>\n\t\t<\/section>\n\t\t\t\t\t<\/div>\n\t\t<\/div>\n\t\t\t\t\t<\/div>\n\t\t<\/section>\n\t\t\t\t<section class=\"elementor-section elementor-top-section elementor-element elementor-element-f7a7529 elementor-section-boxed elementor-section-height-default elementor-section-height-default\" data-id=\"f7a7529\" data-element_type=\"section\" data-settings=\"{&quot;background_background&quot;:&quot;classic&quot;}\">\n\t\t\t\t\t\t\t<div class=\"elementor-background-overlay\"><\/div>\n\t\t\t\t\t\t\t<div class=\"elementor-container elementor-column-gap-no\">\n\t\t\t\t\t<div class=\"elementor-column elementor-col-100 elementor-top-column elementor-element elementor-element-936af96\" data-id=\"936af96\" data-element_type=\"column\">\n\t\t\t<div class=\"elementor-widget-wrap elementor-element-populated\">\n\t\t\t\t\t\t<div class=\"elementor-element elementor-element-b72c1ba elementor-widget elementor-widget-heading\" data-id=\"b72c1ba\" data-element_type=\"widget\" data-widget_type=\"heading.default\">\n\t\t\t\t<div class=\"elementor-widget-container\">\n\t\t\t\t\t<h2 class=\"elementor-heading-title elementor-size-default\">Contactez nos experts pour une solution sur mesure !<\/h2>\t\t\t\t<\/div>\n\t\t\t\t<\/div>\n\t\t\t\t<div class=\"elementor-element elementor-element-f596dfa elementor-align-center elementor-widget elementor-widget-button\" data-id=\"f596dfa\" data-element_type=\"widget\" data-widget_type=\"button.default\">\n\t\t\t\t<div class=\"elementor-widget-container\">\n\t\t\t\t\t\t\t\t\t<div class=\"elementor-button-wrapper\">\n\t\t\t\t\t<a class=\"elementor-button elementor-button-link elementor-size-md elementor-animation-sink\" href=\"https:\/\/xflowdata.com\/fr\/contact\/\">\n\t\t\t\t\t\t<span class=\"elementor-button-content-wrapper\">\n\t\t\t\t\t\t\t\t\t<span class=\"elementor-button-text\">Prendre contact<\/span>\n\t\t\t\t\t<\/span>\n\t\t\t\t\t<\/a>\n\t\t\t\t<\/div>\n\t\t\t\t\t\t\t\t<\/div>\n\t\t\t\t<\/div>\n\t\t\t\t\t<\/div>\n\t\t<\/div>\n\t\t\t\t\t<\/div>\n\t\t<\/section>\n\t\t\t\t<\/div>\n\t\t","protected":false},"excerpt":{"rendered":"<p>Gestion des donn\u00e9es Gestion de la migration des donn\u00e9es La gestion de la migration des donn\u00e9es devrait \u00eatre un processus holistique de planification, d&rsquo;ex\u00e9cution et de supervision du transfert des donn\u00e9es d&rsquo;un syst\u00e8me ou d&rsquo;un environnement \u00e0 un autre. Tout cela en veillant \u00e0 ce que la qualit\u00e9 et l&rsquo;exactitude des donn\u00e9es ne soient pas [&hellip;]<\/p>\n","protected":false},"author":2,"featured_media":0,"parent":0,"menu_order":0,"comment_status":"closed","ping_status":"closed","template":"","meta":{"content-type":"","footnotes":""},"class_list":["post-1996","page","type-page","status-publish","hentry"],"_links":{"self":[{"href":"https:\/\/xflowdata.com\/fr\/wp-json\/wp\/v2\/pages\/1996","targetHints":{"allow":["GET"]}}],"collection":[{"href":"https:\/\/xflowdata.com\/fr\/wp-json\/wp\/v2\/pages"}],"about":[{"href":"https:\/\/xflowdata.com\/fr\/wp-json\/wp\/v2\/types\/page"}],"author":[{"embeddable":true,"href":"https:\/\/xflowdata.com\/fr\/wp-json\/wp\/v2\/users\/2"}],"replies":[{"embeddable":true,"href":"https:\/\/xflowdata.com\/fr\/wp-json\/wp\/v2\/comments?post=1996"}],"version-history":[{"count":20,"href":"https:\/\/xflowdata.com\/fr\/wp-json\/wp\/v2\/pages\/1996\/revisions"}],"predecessor-version":[{"id":2823,"href":"https:\/\/xflowdata.com\/fr\/wp-json\/wp\/v2\/pages\/1996\/revisions\/2823"}],"wp:attachment":[{"href":"https:\/\/xflowdata.com\/fr\/wp-json\/wp\/v2\/media?parent=1996"}],"curies":[{"name":"wp","href":"https:\/\/api.w.org\/{rel}","templated":true}]}}